{"id":42,"date":"2020-06-15T22:01:26","date_gmt":"2020-06-15T22:01:26","guid":{"rendered":"http:\/\/www.zoftinium.com\/blog\/?page_id=42"},"modified":"2020-06-15T22:02:14","modified_gmt":"2020-06-15T22:02:14","slug":"y-si-no-me-reinvento-que","status":"publish","type":"page","link":"https:\/\/www.zoftinium.com\/blog\/y-si-no-me-reinvento-que\/","title":{"rendered":"Y si no me reinvento, qu\u00e9?"},"content":{"rendered":"\n<p>La pandemia que le ha dado el verdadero inicio al siglo ha tra\u00eddo una lista larga de problemas, el m\u00e1s grave por supuesto las dolorosas bajas alrededor del planeta , que muchos ven desde las estad\u00edsticas porque tal vez la muerte no les toca las puertas,  y  las estad\u00edsticas nos dicen que solo el 0.1% de la humanidad est\u00e1 contagiada y solo el 0.006% ha fallecido a partir de la enfermedad, los afortunados que no han llorado la partida de seres queridos,  sufren el segundo problema de m\u00e1s impacto, la econom\u00eda. <\/p>\n","protected":false},"excerpt":{"rendered":"<p>La pandemia que le ha dado el verdadero inicio al siglo ha tra\u00eddo una lista larga de problemas, el m\u00e1s grave por supuesto las dolorosas bajas alrededor del planeta , que muchos ven desde las estad\u00edsticas porque tal vez la muerte no les toca las puertas, y las estad\u00edsticas nos dicen que solo el 0.1% [&hellip;]<\/p>\n","protected":false},"author":1,"featured_media":0,"parent":0,"menu_order":0,"comment_status":"closed","ping_status":"closed","template":"","meta":{"_coblocks_attr":"","_coblocks_dimensions":"","_coblocks_responsive_height":"","_coblocks_accordion_ie_support":"","footnotes":""},"class_list":["post-42","page","type-page","status-publish","hentry"],"_links":{"self":[{"href":"https:\/\/www.zoftinium.com\/blog\/wp-json\/wp\/v2\/pages\/42","targetHints":{"allow":["GET"]}}],"collection":[{"href":"https:\/\/www.zoftinium.com\/blog\/wp-json\/wp\/v2\/pages"}],"about":[{"href":"https:\/\/www.zoftinium.com\/blog\/wp-json\/wp\/v2\/types\/page"}],"author":[{"embeddable":true,"href":"https:\/\/www.zoftinium.com\/blog\/wp-json\/wp\/v2\/users\/1"}],"replies":[{"embeddable":true,"href":"https:\/\/www.zoftinium.com\/blog\/wp-json\/wp\/v2\/comments?post=42"}],"version-history":[{"count":1,"href":"https:\/\/www.zoftinium.com\/blog\/wp-json\/wp\/v2\/pages\/42\/revisions"}],"predecessor-version":[{"id":43,"href":"https:\/\/www.zoftinium.com\/blog\/wp-json\/wp\/v2\/pages\/42\/revisions\/43"}],"wp:attachment":[{"href":"https:\/\/www.zoftinium.com\/blog\/wp-json\/wp\/v2\/media?parent=42"}],"curies":[{"name":"wp","href":"https:\/\/api.w.org\/{rel}","templated":true}]}}